{"id":1987,"date":"2023-06-16T14:14:19","date_gmt":"2023-06-16T14:14:19","guid":{"rendered":"https:\/\/navigo.club\/?page_id=1987"},"modified":"2023-07-13T21:33:36","modified_gmt":"2023-07-13T21:33:36","slug":"event","status":"publish","type":"page","link":"https:\/\/navigo.club\/en\/event\/","title":{"rendered":"Navigo launches in North Hatley"},"content":{"rendered":"","protected":false},"excerpt":{"rendered":"","protected":false},"author":1,"featured_media":0,"parent":0,"menu_order":0,"comment_status":"closed","ping_status":"closed","template":"templates\/evenement.php","meta":{"_acf_changed":false,"inline_featured_image":false,"footnotes":""},"class_list":["post-1987","page","type-page","status-publish","hentry"],"acf":[],"yoast_head":"<!-- This site is optimized with the Yoast SEO plugin v27.5 - https:\/\/yoast.com\/product\/yoast-seo-wordpress\/ -->\n<title>Navigo partage de bateaux \u00e0 la Marina de North Hatley<\/title>\n<meta name=\"description\" content=\"Navigo, l&#039;entreprise de partage de bateaux pionni\u00e8re dans son domaine, est fi\u00e8re d&#039;annoncer un partenariat strat\u00e9gique avec la Marina de North Hatley.\" \/>\n<meta name=\"robots\" content=\"index, follow, max-snippet:-1, max-image-preview:large, max-video-preview:-1\" \/>\n<link rel=\"canonical\" href=\"https:\/\/navigo.club\/en\/event\/\" \/>\n<meta property=\"og:locale\" content=\"en_US\" \/>\n<meta property=\"og:type\" content=\"article\" \/>\n<meta property=\"og:title\" content=\"Navigo partage de bateaux \u00e0 la Marina de North Hatley\" \/>\n<meta property=\"og:description\" content=\"Navigo, l&#039;entreprise de partage de bateaux pionni\u00e8re dans son domaine, est fi\u00e8re d&#039;annoncer un partenariat strat\u00e9gique avec la Marina de North Hatley.\" \/>\n<meta property=\"og:url\" content=\"https:\/\/navigo.club\/en\/event\/\" \/>\n<meta property=\"og:site_name\" content=\"Navigo | Partagez lacs et bateaux\" \/>\n<meta property=\"article:modified_time\" content=\"2023-07-13T21:33:36+00:00\" \/>\n<meta name=\"twitter:card\" content=\"summary_large_image\" \/>\n<script type=\"application\/ld+json\" class=\"yoast-schema-graph\">{\"@context\":\"https:\\\/\\\/schema.org\",\"@graph\":[{\"@type\":\"WebPage\",\"@id\":\"https:\\\/\\\/navigo.club\\\/en\\\/event\\\/\",\"url\":\"https:\\\/\\\/navigo.club\\\/en\\\/event\\\/\",\"name\":\"Navigo partage de bateaux \u00e0 la Marina de North Hatley\",\"isPartOf\":{\"@id\":\"https:\\\/\\\/navigo.club\\\/en\\\/#website\"},\"datePublished\":\"2023-06-16T14:14:19+00:00\",\"dateModified\":\"2023-07-13T21:33:36+00:00\",\"description\":\"Navigo, l'entreprise de partage de bateaux pionni\u00e8re dans son domaine, est fi\u00e8re d'annoncer un partenariat strat\u00e9gique avec la Marina de North Hatley.\",\"breadcrumb\":{\"@id\":\"https:\\\/\\\/navigo.club\\\/en\\\/event\\\/#breadcrumb\"},\"inLanguage\":\"en-US\",\"potentialAction\":[{\"@type\":\"ReadAction\",\"target\":[\"https:\\\/\\\/navigo.club\\\/en\\\/event\\\/\"]}]},{\"@type\":\"BreadcrumbList\",\"@id\":\"https:\\\/\\\/navigo.club\\\/en\\\/event\\\/#breadcrumb\",\"itemListElement\":[{\"@type\":\"ListItem\",\"position\":1,\"name\":\"Accueil\",\"item\":\"https:\\\/\\\/navigo.club\\\/en\\\/\"},{\"@type\":\"ListItem\",\"position\":2,\"name\":\"Navigo launches in North Hatley\"}]},{\"@type\":\"WebSite\",\"@id\":\"https:\\\/\\\/navigo.club\\\/en\\\/#website\",\"url\":\"https:\\\/\\\/navigo.club\\\/en\\\/\",\"name\":\"Navigo | Partagez lacs et bateaux\",\"description\":\"Bateau-partage en libre-service\",\"potentialAction\":[{\"@type\":\"SearchAction\",\"target\":{\"@type\":\"EntryPoint\",\"urlTemplate\":\"https:\\\/\\\/navigo.club\\\/en\\\/?s={search_term_string}\"},\"query-input\":{\"@type\":\"PropertyValueSpecification\",\"valueRequired\":true,\"valueName\":\"search_term_string\"}}],\"inLanguage\":\"en-US\"}]}<\/script>\n<!-- \/ Yoast SEO plugin. -->","yoast_head_json":{"title":"Navigo partage de bateaux \u00e0 la Marina de North Hatley","description":"Navigo, l'entreprise de partage de bateaux pionni\u00e8re dans son domaine, est fi\u00e8re d'annoncer un partenariat strat\u00e9gique avec la Marina de North Hatley.","robots":{"index":"index","follow":"follow","max-snippet":"max-snippet:-1","max-image-preview":"max-image-preview:large","max-video-preview":"max-video-preview:-1"},"canonical":"https:\/\/navigo.club\/en\/event\/","og_locale":"en_US","og_type":"article","og_title":"Navigo partage de bateaux \u00e0 la Marina de North Hatley","og_description":"Navigo, l'entreprise de partage de bateaux pionni\u00e8re dans son domaine, est fi\u00e8re d'annoncer un partenariat strat\u00e9gique avec la Marina de North Hatley.","og_url":"https:\/\/navigo.club\/en\/event\/","og_site_name":"Navigo | Partagez lacs et bateaux","article_modified_time":"2023-07-13T21:33:36+00:00","twitter_card":"summary_large_image","schema":{"@context":"https:\/\/schema.org","@graph":[{"@type":"WebPage","@id":"https:\/\/navigo.club\/en\/event\/","url":"https:\/\/navigo.club\/en\/event\/","name":"Navigo partage de bateaux \u00e0 la Marina de North Hatley","isPartOf":{"@id":"https:\/\/navigo.club\/en\/#website"},"datePublished":"2023-06-16T14:14:19+00:00","dateModified":"2023-07-13T21:33:36+00:00","description":"Navigo, l'entreprise de partage de bateaux pionni\u00e8re dans son domaine, est fi\u00e8re d'annoncer un partenariat strat\u00e9gique avec la Marina de North Hatley.","breadcrumb":{"@id":"https:\/\/navigo.club\/en\/event\/#breadcrumb"},"inLanguage":"en-US","potentialAction":[{"@type":"ReadAction","target":["https:\/\/navigo.club\/en\/event\/"]}]},{"@type":"BreadcrumbList","@id":"https:\/\/navigo.club\/en\/event\/#breadcrumb","itemListElement":[{"@type":"ListItem","position":1,"name":"Accueil","item":"https:\/\/navigo.club\/en\/"},{"@type":"ListItem","position":2,"name":"Navigo launches in North Hatley"}]},{"@type":"WebSite","@id":"https:\/\/navigo.club\/en\/#website","url":"https:\/\/navigo.club\/en\/","name":"Navigo | Partagez lacs et bateaux","description":"Bateau-partage en libre-service","potentialAction":[{"@type":"SearchAction","target":{"@type":"EntryPoint","urlTemplate":"https:\/\/navigo.club\/en\/?s={search_term_string}"},"query-input":{"@type":"PropertyValueSpecification","valueRequired":true,"valueName":"search_term_string"}}],"inLanguage":"en-US"}]}},"_links":{"self":[{"href":"https:\/\/navigo.club\/en\/wp-json\/wp\/v2\/pages\/1987","targetHints":{"allow":["GET"]}}],"collection":[{"href":"https:\/\/navigo.club\/en\/wp-json\/wp\/v2\/pages"}],"about":[{"href":"https:\/\/navigo.club\/en\/wp-json\/wp\/v2\/types\/page"}],"author":[{"embeddable":true,"href":"https:\/\/navigo.club\/en\/wp-json\/wp\/v2\/users\/1"}],"replies":[{"embeddable":true,"href":"https:\/\/navigo.club\/en\/wp-json\/wp\/v2\/comments?post=1987"}],"version-history":[{"count":3,"href":"https:\/\/navigo.club\/en\/wp-json\/wp\/v2\/pages\/1987\/revisions"}],"predecessor-version":[{"id":2117,"href":"https:\/\/navigo.club\/en\/wp-json\/wp\/v2\/pages\/1987\/revisions\/2117"}],"wp:attachment":[{"href":"https:\/\/navigo.club\/en\/wp-json\/wp\/v2\/media?parent=1987"}],"curies":[{"name":"wp","href":"https:\/\/api.w.org\/{rel}","templated":true}]}}